{"id":5266,"date":"2024-12-10T10:40:33","date_gmt":"2024-12-10T10:40:33","guid":{"rendered":"http:\/\/vectura-new.local\/ladationen-eigentuemergemeinschaften\/"},"modified":"2025-12-15T14:39:16","modified_gmt":"2025-12-15T14:39:16","slug":"ladationen-eigentuemergemeinschaften","status":"publish","type":"page","link":"https:\/\/vectura.be\/de\/ladationen\/ladationen-eigentuemergemeinschaften\/","title":{"rendered":"Ladationen &#8211; Eigent\u00fcmergemeinschaften"},"content":{"rendered":"","protected":false},"excerpt":{"rendered":"","protected":false},"author":5,"featured_media":5216,"parent":5359,"menu_order":0,"comment_status":"closed","ping_status":"closed","template":"page-service.php","meta":{"_acf_changed":false,"footnotes":""},"categories":[26],"class_list":["post-5266","page","type-page","status-publish","has-post-thumbnail","hentry","category-ladationen"],"acf":[],"yoast_head":"<!-- This site is optimized with the Yoast SEO plugin v26.7 - https:\/\/yoast.com\/wordpress\/plugins\/seo\/ -->\n<title>Ladestation f\u00fcr Eigentumswohnungen | Vectura Installation<\/title>\n<meta name=\"description\" content=\"Vectura installiert Ladationen f\u00fcr Miteigent\u00fcmergemeinschaften. Angepasste, optimierte und sichere L\u00f6sungen f\u00fcr Gemeinschaftsparkpl\u00e4tze und Anwohner.\" \/>\n<meta name=\"robots\" content=\"index, follow, max-snippet:-1, max-image-preview:large, max-video-preview:-1\" \/>\n<link rel=\"canonical\" href=\"https:\/\/vectura.be\/de\/ladationen\/ladationen-eigentuemergemeinschaften\/\" \/>\n<meta property=\"og:locale\" content=\"de_DE\" \/>\n<meta property=\"og:type\" content=\"article\" \/>\n<meta property=\"og:title\" content=\"Ladestation f\u00fcr Eigentumswohnungen | Vectura Installation\" \/>\n<meta property=\"og:description\" content=\"Vectura installiert Ladationen f\u00fcr Miteigent\u00fcmergemeinschaften. Angepasste, optimierte und sichere L\u00f6sungen f\u00fcr Gemeinschaftsparkpl\u00e4tze und Anwohner.\" \/>\n<meta property=\"og:url\" content=\"https:\/\/vectura.be\/de\/ladationen\/ladationen-eigentuemergemeinschaften\/\" \/>\n<meta property=\"og:site_name\" content=\"Vectura\" \/>\n<meta property=\"article:publisher\" content=\"https:\/\/www.facebook.com\/Vectura-106260158282055\" \/>\n<meta property=\"article:modified_time\" content=\"2025-12-15T14:39:16+00:00\" \/>\n<meta property=\"og:image\" content=\"https:\/\/vectura.be\/wp-content\/uploads\/2024\/12\/Wallbox-5.jpg\" \/>\n\t<meta property=\"og:image:width\" content=\"848\" \/>\n\t<meta property=\"og:image:height\" content=\"1600\" \/>\n\t<meta property=\"og:image:type\" content=\"image\/jpeg\" \/>\n<meta name=\"twitter:card\" content=\"summary_large_image\" \/>\n<script type=\"application\/ld+json\" class=\"yoast-schema-graph\">{\"@context\":\"https:\/\/schema.org\",\"@graph\":[{\"@type\":\"WebPage\",\"@id\":\"https:\/\/vectura.be\/de\/ladationen\/ladationen-eigentuemergemeinschaften\/\",\"url\":\"https:\/\/vectura.be\/de\/ladationen\/ladationen-eigentuemergemeinschaften\/\",\"name\":\"Ladestation f\u00fcr Eigentumswohnungen | Vectura Installation\",\"isPartOf\":{\"@id\":\"https:\/\/vectura.be\/de\/#website\"},\"primaryImageOfPage\":{\"@id\":\"https:\/\/vectura.be\/de\/ladationen\/ladationen-eigentuemergemeinschaften\/#primaryimage\"},\"image\":{\"@id\":\"https:\/\/vectura.be\/de\/ladationen\/ladationen-eigentuemergemeinschaften\/#primaryimage\"},\"thumbnailUrl\":\"https:\/\/vectura.be\/wp-content\/uploads\/2024\/12\/Wallbox-5.jpg\",\"datePublished\":\"2024-12-10T10:40:33+00:00\",\"dateModified\":\"2025-12-15T14:39:16+00:00\",\"description\":\"Vectura installiert Ladationen f\u00fcr Miteigent\u00fcmergemeinschaften. Angepasste, optimierte und sichere L\u00f6sungen f\u00fcr Gemeinschaftsparkpl\u00e4tze und Anwohner.\",\"breadcrumb\":{\"@id\":\"https:\/\/vectura.be\/de\/ladationen\/ladationen-eigentuemergemeinschaften\/#breadcrumb\"},\"inLanguage\":\"de\",\"potentialAction\":[{\"@type\":\"ReadAction\",\"target\":[\"https:\/\/vectura.be\/de\/ladationen\/ladationen-eigentuemergemeinschaften\/\"]}]},{\"@type\":\"ImageObject\",\"inLanguage\":\"de\",\"@id\":\"https:\/\/vectura.be\/de\/ladationen\/ladationen-eigentuemergemeinschaften\/#primaryimage\",\"url\":\"https:\/\/vectura.be\/wp-content\/uploads\/2024\/12\/Wallbox-5.jpg\",\"contentUrl\":\"https:\/\/vectura.be\/wp-content\/uploads\/2024\/12\/Wallbox-5.jpg\",\"width\":848,\"height\":1600,\"caption\":\"ladestationen-property\"},{\"@type\":\"BreadcrumbList\",\"@id\":\"https:\/\/vectura.be\/de\/ladationen\/ladationen-eigentuemergemeinschaften\/#breadcrumb\",\"itemListElement\":[{\"@type\":\"ListItem\",\"position\":1,\"name\":\"Home\",\"item\":\"https:\/\/vectura.be\/de\/\"},{\"@type\":\"ListItem\",\"position\":2,\"name\":\"Ladationen &#8211; Eigent\u00fcmergemeinschaften\"}]},{\"@type\":\"WebSite\",\"@id\":\"https:\/\/vectura.be\/de\/#website\",\"url\":\"https:\/\/vectura.be\/de\/\",\"name\":\"Vectura\",\"description\":\"Bornes de recharge pour v\u00e9hicules \u00e9lectriques.\",\"potentialAction\":[{\"@type\":\"SearchAction\",\"target\":{\"@type\":\"EntryPoint\",\"urlTemplate\":\"https:\/\/vectura.be\/de\/?s={search_term_string}\"},\"query-input\":{\"@type\":\"PropertyValueSpecification\",\"valueRequired\":true,\"valueName\":\"search_term_string\"}}],\"inLanguage\":\"de\"}]}<\/script>\n<!-- \/ Yoast SEO plugin. -->","yoast_head_json":{"title":"Ladestation f\u00fcr Eigentumswohnungen | Vectura Installation","description":"Vectura installiert Ladationen f\u00fcr Miteigent\u00fcmergemeinschaften. Angepasste, optimierte und sichere L\u00f6sungen f\u00fcr Gemeinschaftsparkpl\u00e4tze und Anwohner.","robots":{"index":"index","follow":"follow","max-snippet":"max-snippet:-1","max-image-preview":"max-image-preview:large","max-video-preview":"max-video-preview:-1"},"canonical":"https:\/\/vectura.be\/de\/ladationen\/ladationen-eigentuemergemeinschaften\/","og_locale":"de_DE","og_type":"article","og_title":"Ladestation f\u00fcr Eigentumswohnungen | Vectura Installation","og_description":"Vectura installiert Ladationen f\u00fcr Miteigent\u00fcmergemeinschaften. Angepasste, optimierte und sichere L\u00f6sungen f\u00fcr Gemeinschaftsparkpl\u00e4tze und Anwohner.","og_url":"https:\/\/vectura.be\/de\/ladationen\/ladationen-eigentuemergemeinschaften\/","og_site_name":"Vectura","article_publisher":"https:\/\/www.facebook.com\/Vectura-106260158282055","article_modified_time":"2025-12-15T14:39:16+00:00","og_image":[{"width":848,"height":1600,"url":"https:\/\/vectura.be\/wp-content\/uploads\/2024\/12\/Wallbox-5.jpg","type":"image\/jpeg"}],"twitter_card":"summary_large_image","schema":{"@context":"https:\/\/schema.org","@graph":[{"@type":"WebPage","@id":"https:\/\/vectura.be\/de\/ladationen\/ladationen-eigentuemergemeinschaften\/","url":"https:\/\/vectura.be\/de\/ladationen\/ladationen-eigentuemergemeinschaften\/","name":"Ladestation f\u00fcr Eigentumswohnungen | Vectura Installation","isPartOf":{"@id":"https:\/\/vectura.be\/de\/#website"},"primaryImageOfPage":{"@id":"https:\/\/vectura.be\/de\/ladationen\/ladationen-eigentuemergemeinschaften\/#primaryimage"},"image":{"@id":"https:\/\/vectura.be\/de\/ladationen\/ladationen-eigentuemergemeinschaften\/#primaryimage"},"thumbnailUrl":"https:\/\/vectura.be\/wp-content\/uploads\/2024\/12\/Wallbox-5.jpg","datePublished":"2024-12-10T10:40:33+00:00","dateModified":"2025-12-15T14:39:16+00:00","description":"Vectura installiert Ladationen f\u00fcr Miteigent\u00fcmergemeinschaften. Angepasste, optimierte und sichere L\u00f6sungen f\u00fcr Gemeinschaftsparkpl\u00e4tze und Anwohner.","breadcrumb":{"@id":"https:\/\/vectura.be\/de\/ladationen\/ladationen-eigentuemergemeinschaften\/#breadcrumb"},"inLanguage":"de","potentialAction":[{"@type":"ReadAction","target":["https:\/\/vectura.be\/de\/ladationen\/ladationen-eigentuemergemeinschaften\/"]}]},{"@type":"ImageObject","inLanguage":"de","@id":"https:\/\/vectura.be\/de\/ladationen\/ladationen-eigentuemergemeinschaften\/#primaryimage","url":"https:\/\/vectura.be\/wp-content\/uploads\/2024\/12\/Wallbox-5.jpg","contentUrl":"https:\/\/vectura.be\/wp-content\/uploads\/2024\/12\/Wallbox-5.jpg","width":848,"height":1600,"caption":"ladestationen-property"},{"@type":"BreadcrumbList","@id":"https:\/\/vectura.be\/de\/ladationen\/ladationen-eigentuemergemeinschaften\/#breadcrumb","itemListElement":[{"@type":"ListItem","position":1,"name":"Home","item":"https:\/\/vectura.be\/de\/"},{"@type":"ListItem","position":2,"name":"Ladationen &#8211; Eigent\u00fcmergemeinschaften"}]},{"@type":"WebSite","@id":"https:\/\/vectura.be\/de\/#website","url":"https:\/\/vectura.be\/de\/","name":"Vectura","description":"Bornes de recharge pour v\u00e9hicules \u00e9lectriques.","potentialAction":[{"@type":"SearchAction","target":{"@type":"EntryPoint","urlTemplate":"https:\/\/vectura.be\/de\/?s={search_term_string}"},"query-input":{"@type":"PropertyValueSpecification","valueRequired":true,"valueName":"search_term_string"}}],"inLanguage":"de"}]}},"_links":{"self":[{"href":"https:\/\/vectura.be\/de\/wp-json\/wp\/v2\/pages\/5266","targetHints":{"allow":["GET"]}}],"collection":[{"href":"https:\/\/vectura.be\/de\/wp-json\/wp\/v2\/pages"}],"about":[{"href":"https:\/\/vectura.be\/de\/wp-json\/wp\/v2\/types\/page"}],"author":[{"embeddable":true,"href":"https:\/\/vectura.be\/de\/wp-json\/wp\/v2\/users\/5"}],"replies":[{"embeddable":true,"href":"https:\/\/vectura.be\/de\/wp-json\/wp\/v2\/comments?post=5266"}],"version-history":[{"count":1,"href":"https:\/\/vectura.be\/de\/wp-json\/wp\/v2\/pages\/5266\/revisions"}],"predecessor-version":[{"id":5267,"href":"https:\/\/vectura.be\/de\/wp-json\/wp\/v2\/pages\/5266\/revisions\/5267"}],"up":[{"embeddable":true,"href":"https:\/\/vectura.be\/de\/wp-json\/wp\/v2\/pages\/5359"}],"wp:featuredmedia":[{"embeddable":true,"href":"https:\/\/vectura.be\/de\/wp-json\/wp\/v2\/media\/5216"}],"wp:attachment":[{"href":"https:\/\/vectura.be\/de\/wp-json\/wp\/v2\/media?parent=5266"}],"wp:term":[{"taxonomy":"category","embeddable":true,"href":"https:\/\/vectura.be\/de\/wp-json\/wp\/v2\/categories?post=5266"}],"curies":[{"name":"wp","href":"https:\/\/api.w.org\/{rel}","templated":true}]}}